{"id":13,"date":"2022-07-04T10:21:14","date_gmt":"2022-07-04T08:21:14","guid":{"rendered":"http:\/\/localhost\/domia\/?page_id=13"},"modified":"2022-07-21T15:52:46","modified_gmt":"2022-07-21T13:52:46","slug":"pro-firmy","status":"publish","type":"page","link":"https:\/\/domia.cz\/ru\/pro-firmy\/","title":{"rendered":"Pro firmy"},"content":{"rendered":"\n<p>Nab\u00edz\u00edme \u0159e\u0161en\u00ed <strong>kr\u00e1tkodob\u00e9ho<\/strong> i <strong>dlouhodob\u00e9ho ubytov\u00e1n\u00ed<\/strong> pro va\u0161e zam\u011bstnance.<br>Mo\u017enost pron\u00e1jmu<strong> jednotliv\u00fdch byt\u016f<\/strong> i<strong> cel\u00e9ho bytov\u00e9ho domu.<\/strong><\/p>\n\n\n\n<div style=\"height:40px\" aria-hidden=\"true\" class=\"wp-block-spacer\"><\/div>\n\n\n\n    <h2 class=\"basic-title\"><span class=\"icon\"><svg version=\"1.1\" xmlns=\"http:\/\/www.w3.org\/2000\/svg\" x=\"0px\" y=\"0px\" viewBox=\"0 0 141.7 141.7\">\r\n    <path d=\"M60.4,18.6C44.9,22.9,33.6,37.2,33,53.2c-0.3,9.1,2.2,17.3,7.6,24.6c6.7,8.9,13.3,17.7,20,26.6 c0.7,0.9,1.6,1.8,2.5,2.5c5.6,4.4,13.5,3.3,17.8-2.4c6.8-9,13.5-17.9,20.2-26.9c5-6.7,7.5-14.2,7.6-22.5c-0.4-3.2-0.6-6.4-1.4-9.5 C102,24.9,81,12.8,60.4,18.6z M94.2,72.9c-6.5,8.7-13,17.3-19.5,26c-2.3,3-5.3,3-7.6,0C60.6,90.2,54,81.5,47.5,72.8 c-3.9-5.3-5.9-11.2-6-16.8c0-17.9,14-31.2,30.9-30.5c14.3,0.6,26.4,12.1,27.7,26.5C100.8,59.7,98.8,66.7,94.2,72.9z\"\/>\r\n    <path d=\"M108.7,55.1C108.8,55.1,108.9,55,108.7,55.1L108.7,55.1z\"\/>\r\n    <path d=\"M87.6,116.2c-11.2,0-22.3,0-33.4,0c-0.7,0-1.5,0.3-2.2,0.6c-1.7,0.9-2.4,2.8-2,4.6c0.5,1.9,2.1,3.2,4.1,3.2 c5.6,0,11.2,0,16.8,0c5.6,0,11.1,0,16.6,0c2.5,0,4.4-1.8,4.4-4.2C91.9,118,90.1,116.2,87.6,116.2z\"\/>\r\n    <path d=\"M70.9,42.3c-6.9,0-12.6,5.7-12.6,12.6c0,6.9,5.7,12.6,12.6,12.6c6.9,0,12.6-5.7,12.6-12.6 C83.5,48,77.8,42.3,70.9,42.3z M70.9,59.1c-2.3,0-4.2-1.9-4.2-4.2c0-2.3,1.9-4.2,4.2-4.2s4.2,1.9,4.2,4.2 C75.1,57.2,73.2,59.1,70.9,59.1z\"\/>\r\n<\/svg>\r\n<\/span><strong>Na\u0161e lokality<\/strong><\/h2>\n    <ul class=\"list-of-location\"><li>Beroun<\/li><li>\u010c\u00e1slav<\/li><li>Ho\u0159ovice<\/li><li>Kladno<\/li><li>M\u011bln\u00edk<\/li><li>Sedl\u010dany<\/li><li>Slan\u00fd<\/li><\/ul>\n\n\n\n<div style=\"height:40px\" aria-hidden=\"true\" class=\"wp-block-spacer\"><\/div>\n","protected":false},"excerpt":{"rendered":"<p>Nab\u00edz\u00edme \u0159e\u0161en\u00ed kr\u00e1tkodob\u00e9ho i dlouhodob\u00e9ho ubytov\u00e1n\u00ed pro va\u0161e zam\u011bstnance.Mo\u017enost pron\u00e1jmu jednotliv\u00fdch byt\u016f i cel\u00e9ho bytov\u00e9ho domu.<\/p>\n","protected":false},"author":2,"featured_media":0,"parent":0,"menu_order":2,"comment_status":"closed","ping_status":"closed","template":"page-main-firm.php","meta":{"footnotes":""},"class_list":["post-13","page","type-page","status-publish","hentry"],"_links":{"self":[{"href":"https:\/\/domia.cz\/ru\/wp-json\/wp\/v2\/pages\/13","targetHints":{"allow":["GET"]}}],"collection":[{"href":"https:\/\/domia.cz\/ru\/wp-json\/wp\/v2\/pages"}],"about":[{"href":"https:\/\/domia.cz\/ru\/wp-json\/wp\/v2\/types\/page"}],"author":[{"embeddable":true,"href":"https:\/\/domia.cz\/ru\/wp-json\/wp\/v2\/users\/2"}],"replies":[{"embeddable":true,"href":"https:\/\/domia.cz\/ru\/wp-json\/wp\/v2\/comments?post=13"}],"version-history":[{"count":7,"href":"https:\/\/domia.cz\/ru\/wp-json\/wp\/v2\/pages\/13\/revisions"}],"predecessor-version":[{"id":97,"href":"https:\/\/domia.cz\/ru\/wp-json\/wp\/v2\/pages\/13\/revisions\/97"}],"wp:attachment":[{"href":"https:\/\/domia.cz\/ru\/wp-json\/wp\/v2\/media?parent=13"}],"curies":[{"name":"wp","href":"https:\/\/api.w.org\/{rel}","templated":true}]}}